{"id":137,"date":"2025-05-10T22:38:26","date_gmt":"2025-05-10T19:38:26","guid":{"rendered":"https:\/\/tatyana-sarasa.com\/education\/?post_type=product&#038;p=137"},"modified":"2025-07-19T18:05:28","modified_gmt":"2025-07-19T15:05:28","slug":"kunstwerke-per-mausklick-entdecken-sie-die-magie-von-stable-diffusion","status":"publish","type":"product","link":"https:\/\/tatyana-sarasa.com\/education\/product\/kunstwerke-per-mausklick-entdecken-sie-die-magie-von-stable-diffusion\/","title":{"rendered":"Bilder mit Stable Diffusion generieren"},"content":{"rendered":"<p>Tr\u00e4umen Sie davon, Ihre Ideen in atemberaubende Bilder zu verwandeln \u2013 ganz ohne Zeichentalent?<\/p>\n<p>In diesem faszinierenden Vortrag \u00f6ffnen wir die T\u00fcr zur Welt der KI-gest\u00fctzten Bildgenerierung mit Stable Diffusion, und das Beste daran: Es ist v\u00f6llig kostenlos!<br \/>\nWas erwartet Sie?<br \/>\n\u2022 Spannende Live-Demos: Sehen Sie, wie aus Texten Bilder entstehen<br \/>\n\u2022 Praxisnahe Einf\u00fchrung: Lernen Sie, wie Sie Stable Diffusion selbst nutzen k\u00f6nnen<br \/>\n\u2022 Kreative Experimente: Entwickeln Sie gemeinsam mit uns fantastische Bildideen<br \/>\n\u2022 Tipps und Tricks: Meistern Sie die Kunst der perfekten Bildanweisung<br \/>\n\u2022 Diskussion: Chancen und ethische Aspekte der KI-Bildgenerierung<\/p>\n<p>Ob Sie Hobby-K\u00fcnstler, Geschichtenerz\u00e4hler oder einfach neugierig auf neue Technologien sind \u2013 dieser Vortrag wird Ihre Kreativit\u00e4t befl\u00fcgeln. Entdecken Sie, wie Sie beeindruckende Illustrationen, Konzeptkunst oder sogar surreale Traumlandschaften erschaffen k\u00f6nnen \u2013 ganz ohne Vorkenntnisse!<\/p>\n<p><strong>Zielgruppe:<\/strong> Kreative K\u00f6pfe, Technik-Enthusiasten und alle, die ihre Ideen visuell zum Leben erwecken m\u00f6chten Dauer: <strong>2*90 Minuten<\/strong><\/p>\n<p><strong>Voraussetzungen<\/strong>:<\/p>\n<ul>\n<li>Viele der Anwendungen sind nur \u00fcber eine Anmeldung mit Google- , Microsoft-, Discord- oder Apple-Konto erreichbar. Deswegen pr\u00fcfen Sie vor dem Kurs, ob Sie Ihre Anmeldedaten f\u00fcr diese Konten parat haben.<\/li>\n<li>Im 2. Termin wird mit Google Collab gearbeitet, daf\u00fcr braucht man ein Google Konto<\/li>\n<li>Es empfielt sich der Kurs vom PC zu machen (nicht vom Handy oder Tablet), 2. Bildschirm w\u00e4re ideal ist aber keine Voraussetzung.<\/li>\n<\/ul>\n","protected":false},"excerpt":{"rendered":"<p>Vortrag zur kostenlosen KI-Bildgenerierung mit Stable Diffusion: Live-Demos, praktische Einf\u00fchrung und kreative Experimente. Lernen Sie, wie Sie ohne Zeichentalent beeindruckende Bilder aus Text erstellen k\u00f6nnen. F\u00fcr alle Kreativen und Technik-Fans.<\/p>\n<p><strong>Sammeltermine in 2025:<\/strong><\/p>\n<p>09.10.2025 \/ 16.10.2025 jeweils von 18:00 &#8211; 19:30<\/p>\n<p>&nbsp;<\/p>\n","protected":false},"featured_media":629,"comment_status":"open","ping_status":"closed","template":"","meta":[],"product_cat":[16],"product_tag":[],"class_list":["post-137","product","type-product","status-publish","has-post-thumbnail","hentry","product_cat-kurs"],"_links":{"self":[{"href":"https:\/\/tatyana-sarasa.com\/education\/wp-json\/wp\/v2\/product\/137","targetHints":{"allow":["GET"]}}],"collection":[{"href":"https:\/\/tatyana-sarasa.com\/education\/wp-json\/wp\/v2\/product"}],"about":[{"href":"https:\/\/tatyana-sarasa.com\/education\/wp-json\/wp\/v2\/types\/product"}],"replies":[{"embeddable":true,"href":"https:\/\/tatyana-sarasa.com\/education\/wp-json\/wp\/v2\/comments?post=137"}],"wp:featuredmedia":[{"embeddable":true,"href":"https:\/\/tatyana-sarasa.com\/education\/wp-json\/wp\/v2\/media\/629"}],"wp:attachment":[{"href":"https:\/\/tatyana-sarasa.com\/education\/wp-json\/wp\/v2\/media?parent=137"}],"wp:term":[{"taxonomy":"product_cat","embeddable":true,"href":"https:\/\/tatyana-sarasa.com\/education\/wp-json\/wp\/v2\/product_cat?post=137"},{"taxonomy":"product_tag","embeddable":true,"href":"https:\/\/tatyana-sarasa.com\/education\/wp-json\/wp\/v2\/product_tag?post=137"}],"curies":[{"name":"wp","href":"https:\/\/api.w.org\/{rel}","templated":true}]}}